{"id":3,"date":"2021-09-14T10:26:57","date_gmt":"2021-09-14T10:26:57","guid":{"rendered":"http:\/\/hr.clinic\/himg\/?page_id=3"},"modified":"2022-02-22T15:34:36","modified_gmt":"2022-02-22T14:34:36","slug":"adatkezelesi-tajekoztato","status":"publish","type":"page","link":"https:\/\/hr.clinic\/himg\/adatkezelesi-tajekoztato\/","title":{"rendered":"Hozz\u00e1j\u00e1rul\u00f3 nyilatkozat a szem\u00e9lyes adatok kezel\u00e9s\u00e9hez"},"content":{"rendered":"\n<p>Jelen nyilatkozat elfogad\u00e1s\u00e1val az inform\u00e1ci\u00f3s \u00f6nrendelkez\u00e9si jogr\u00f3l \u00e9s az inform\u00e1ci\u00f3szabads\u00e1gr\u00f3l sz\u00f3l\u00f3 2011. \u00e9vi CXII. t\u00f6rv\u00e9ny 5. \u00a7 (1) pontja \u00e9rtelm\u00e9ben hozz\u00e1j\u00e1rulok a szem\u00e9lyes adataim \u00e9s eg\u00e9szs\u00e9g\u00fcgyi \u00e1llapotomra vonatkoz\u00f3 k\u00fcl\u00f6nleges adataim kezel\u00e9s\u00e9hez \u00e9s t\u00e1rol\u00e1s\u00e1hoz.<\/p>\n\n\n\n<p>Az adatkezel\u00e9s c\u00e9lja a UOIEA Zrt. nyilv\u00e1ntart\u00e1s\u00e1ban val\u00f3 r\u00f6gz\u00edt\u00e9s, amely a paciensek ell\u00e1t\u00e1s\u00e1hoz \u00e9s a p\u00e1ciensekkel t\u00f6rt\u00e9n\u0151 kapcsolatfelv\u00e9telhez, illetve az \u00e9rintettek marketingc\u00e9l\u00fa t\u00e1j\u00e9koztat\u00e1s\u00e1hoz sz\u00fcks\u00e9ges, valamint kiz\u00e1r\u00f3lag a szolg\u00e1ltat\u00e1sok, term\u00e9kek el\u00e9r\u00e9se, megrendel\u00e9se, a kapcsol\u00f3d\u00f3 inform\u00e1ci\u00f3k megismer\u00e9se, az \u00e9rintettel l\u00e9trej\u00f6v\u0151 szerz\u0151d\u00e9ses kapcsolatb\u00f3l sz\u00e1rmaz\u00f3 k\u00f6telezetts\u00e9gek teljes\u00edt\u00e9se \u00e9s jogosults\u00e1gok \u00e9rv\u00e9nyes\u00edt\u00e9se, tov\u00e1bb\u00e1 a szolg\u00e1ltat\u00e1sok jogszer\u0171 \u00e9s biztons\u00e1gos m\u0171k\u00f6dtet\u00e9se, harmadik felek jogos \u00e9rdekeinek v\u00e9delme \u00e9rdek\u00e9ben kezeli.<\/p>\n\n\n\n<p>Az adatkezel\u00e9s jogalapja az \u00d6n kifejezett hozz\u00e1j\u00e1rul\u00e1sa.<\/p>\n\n\n\n<p>Az adatkezel\u0151 \u00e1ltal, szem\u00e9lyhez k\u00f6t\u00f6tten k\u00f6z\u00f6lt adatok k\u00f6re: az \u00e9rintett teljes neve, sz\u00fclet\u00e9si ideje \u00e9s helye, lakc\u00edme (ir\u00e1ny\u00edt\u00f3sz\u00e1m\/orsz\u00e1g\/telep\u00fcl\u00e9s\/utcan\u00e9v\/h\u00e1zsz\u00e1m), telefonsz\u00e1ma \u00e9s e-mail c\u00edme. Az adatkezel\u00e9s id\u0151tartama az 1997. \u00e9vi az eg\u00e9szs\u00e9g\u00fcgyi \u00e9s a hozz\u00e1juk kapcsol\u00f3d\u00f3 szem\u00e9lyes adatok kezel\u00e9s\u00e9r\u0151l \u00e9s v\u00e9delm\u00e9r\u0151l XLVII. t\u00f6rv\u00e9ny alapj\u00e1n k\u00e9palkot\u00f3 diagnosztikai leletek (eg\u00e9szs\u00e9g\u00fcgyi dokument\u00e1ci\u00f3) eset\u00e9n az adatfelv\u00e9telt\u0151l sz\u00e1m\u00edtott 30 \u00e9v, a k\u00e9palkot\u00f3 elj\u00e1r\u00e1ssal k\u00e9sz\u00fclt felv\u00e9telek (k\u00e9pi dokument\u00e1ci\u00f3) eset\u00e9n pedig a felv\u00e9tel k\u00e9sz\u00edt\u00e9s\u00e9t\u0151l sz\u00e1m\u00edtott 10 \u00e9v. A marketingc\u00e9l\u00fa t\u00e1j\u00e9koztat\u00e1shoz \u00e9s a p\u00e1ciensekkel t\u00f6rt\u00e9n\u0151 kapcsolattart\u00e1shoz sz\u00fcks\u00e9ges adatokat az adatkezel\u0151 visszavon\u00e1sig t\u00e1rolja \u00e9s kezeli.<\/p>\n\n\n\n<p>Az adatkezel\u0151 fenntartja a jogot az adatv\u00e9delmi t\u00e1j\u00e9koztat\u00f3ban szerepl\u0151 inform\u00e1ci\u00f3k m\u00f3dos\u00edt\u00e1s\u00e1ra. Az \u00e9rtes\u00edt\u00e9si k\u00f6telezetts\u00e9g\u00e9nek megfelel\u0151en az adatkezel\u0151 a www.himgeurope.com oldalon a v\u00e1ltoz\u00e1sokr\u00f3l felh\u00edv\u00e1st tesz k\u00f6zz\u00e9, valamint k\u00f6zli a t\u00e1j\u00e9koztat\u00f3 hat\u00e1lyos v\u00e1ltoz\u00e1s\u00e1t.<\/p>\n\n\n\n<p>Tudom\u00e1som van r\u00f3la, hogy jogomban \u00e1ll szem\u00e9lyes adataim kezel\u00e9s\u00e9r\u0151l t\u00e1j\u00e9koztat\u00e1st k\u00e9rni, illetve az adataim helyesb\u00edt\u00e9s\u00e9t illetve \u2013 a jogszab\u00e1lyban elrendelt adatkezel\u00e9s kiv\u00e9tel\u00e9vel \u2013 t\u00f6rl\u00e9st k\u00e9rni. Jelen hozz\u00e1j\u00e1rul\u00e1somat b\u00e1rmikor d\u00edjmentesen visszavonhatom.<\/p>\n\n\n\n<p>Kijelentem, hogy ezen hozz\u00e1j\u00e1rul\u00e1st \u00f6nk\u00e9ntesen, minden k\u00fcls\u0151 befoly\u00e1s n\u00e9lk\u00fcl, a megfelel\u0151 t\u00e1j\u00e9koztat\u00e1s \u00e9s a vonatkoz\u00f3 jogszab\u00e1lyi rendelkez\u00e9sek ismeret\u00e9ben tettem meg. <\/p>\n","protected":false},"excerpt":{"rendered":"<p>Jelen nyilatkozat elfogad\u00e1s\u00e1val az inform\u00e1ci\u00f3s \u00f6nrendelkez\u00e9si jogr\u00f3l \u00e9s az inform\u00e1ci\u00f3szabads\u00e1gr\u00f3l sz\u00f3l\u00f3 2011. \u00e9vi CXII. t\u00f6rv\u00e9ny 5. \u00a7 (1) pontja \u00e9rtelm\u00e9ben hozz\u00e1j\u00e1rulok a szem\u00e9lyes adataim \u00e9s eg\u00e9szs\u00e9g\u00fcgyi \u00e1llapotomra vonatkoz\u00f3 k\u00fcl\u00f6nleges adataim kezel\u00e9s\u00e9hez \u00e9s t\u00e1rol\u00e1s\u00e1hoz. Az adatkezel\u00e9s c\u00e9lja a UOIEA Zrt. nyilv\u00e1ntart\u00e1s\u00e1ban val\u00f3 r\u00f6gz\u00edt\u00e9s, amely a paciensek ell\u00e1t\u00e1s\u00e1hoz \u00e9s a p\u00e1ciensekkel t\u00f6rt\u00e9n\u0151 kapcsolatfelv\u00e9telhez, illetve az \u00e9rintettek marketingc\u00e9l\u00fa &#8230; <a title=\"Hozz\u00e1j\u00e1rul\u00f3 nyilatkozat a szem\u00e9lyes adatok kezel\u00e9s\u00e9hez\" class=\"read-more\" href=\"https:\/\/hr.clinic\/himg\/adatkezelesi-tajekoztato\/\" aria-label=\"Tov\u00e1bbiak Hozz\u00e1j\u00e1rul\u00f3 nyilatkozat a szem\u00e9lyes adatok kezel\u00e9s\u00e9hez\">Olvass tov\u00e1bb<\/a><\/p>\n","protected":false},"author":1,"featured_media":0,"parent":0,"menu_order":0,"comment_status":"closed","ping_status":"open","template":"","meta":{"footnotes":""},"_links":{"self":[{"href":"https:\/\/hr.clinic\/himg\/wp-json\/wp\/v2\/pages\/3"}],"collection":[{"href":"https:\/\/hr.clinic\/himg\/wp-json\/wp\/v2\/pages"}],"about":[{"href":"https:\/\/hr.clinic\/himg\/wp-json\/wp\/v2\/types\/page"}],"author":[{"embeddable":true,"href":"https:\/\/hr.clinic\/himg\/wp-json\/wp\/v2\/users\/1"}],"replies":[{"embeddable":true,"href":"https:\/\/hr.clinic\/himg\/wp-json\/wp\/v2\/comments?post=3"}],"version-history":[{"count":6,"href":"https:\/\/hr.clinic\/himg\/wp-json\/wp\/v2\/pages\/3\/revisions"}],"predecessor-version":[{"id":177,"href":"https:\/\/hr.clinic\/himg\/wp-json\/wp\/v2\/pages\/3\/revisions\/177"}],"wp:attachment":[{"href":"https:\/\/hr.clinic\/himg\/wp-json\/wp\/v2\/media?parent=3"}],"curies":[{"name":"wp","href":"https:\/\/api.w.org\/{rel}","templated":true}]}}