{"id":2,"date":"2021-09-14T10:26:57","date_gmt":"2021-09-14T10:26:57","guid":{"rendered":"http:\/\/hr.clinic\/himg\/?page_id=2"},"modified":"2022-01-12T11:30:17","modified_gmt":"2022-01-12T11:30:17","slug":"ez-egy-minta-oldal","status":"publish","type":"page","link":"https:\/\/hr.clinic\/himg\/","title":{"rendered":"\u00dcdv\u00f6z\u00f6lj\u00fck!"},"content":{"rendered":"\n<p class=\"has-text-align-center\">\u00dcdv\u00f6z\u00f6lj\u00fck a HIMG \u00fcgyf\u00e9l regisztr\u00e1ci\u00f3s&nbsp;port\u00e1lj\u00e1n.<\/p>\n\n\n\n<p class=\"has-text-align-center\">K\u00f6sz\u00f6nj\u00fck, hogy megkereste klinik\u00e1nkat.&nbsp;<\/p>\n\n\n\n<p class=\"has-text-align-center\">Regisztr\u00e1ci\u00f3hoz, \u00e1raj\u00e1nlatk\u00e9r\u00e9shez, k\u00e9rj\u00fck kattintson a kezd\u00e9s gombra.<\/p>\n\n\n\n<div class=\"wp-block-buttons is-layout-flex wp-block-buttons-is-layout-flex\">\n<div class=\"wp-block-button\"><a class=\"wp-block-button__link\" href=\"https:\/\/hr.clinic\/himg\/eforms\/egeszsegugyi-kerdoiv-regisztracio\/11\/\">KEZD\u00c9S<\/a><\/div>\n<\/div>\n","protected":false},"excerpt":{"rendered":"<p>\u00dcdv\u00f6z\u00f6lj\u00fck a HIMG \u00fcgyf\u00e9l regisztr\u00e1ci\u00f3s&nbsp;port\u00e1lj\u00e1n. K\u00f6sz\u00f6nj\u00fck, hogy megkereste klinik\u00e1nkat.&nbsp; Regisztr\u00e1ci\u00f3hoz, \u00e1raj\u00e1nlatk\u00e9r\u00e9shez, k\u00e9rj\u00fck kattintson a kezd\u00e9s gombra.<\/p>\n","protected":false},"author":1,"featured_media":0,"parent":0,"menu_order":0,"comment_status":"closed","ping_status":"open","template":"","meta":{"footnotes":""},"_links":{"self":[{"href":"https:\/\/hr.clinic\/himg\/wp-json\/wp\/v2\/pages\/2"}],"collection":[{"href":"https:\/\/hr.clinic\/himg\/wp-json\/wp\/v2\/pages"}],"about":[{"href":"https:\/\/hr.clinic\/himg\/wp-json\/wp\/v2\/types\/page"}],"author":[{"embeddable":true,"href":"https:\/\/hr.clinic\/himg\/wp-json\/wp\/v2\/users\/1"}],"replies":[{"embeddable":true,"href":"https:\/\/hr.clinic\/himg\/wp-json\/wp\/v2\/comments?post=2"}],"version-history":[{"count":7,"href":"https:\/\/hr.clinic\/himg\/wp-json\/wp\/v2\/pages\/2\/revisions"}],"predecessor-version":[{"id":145,"href":"https:\/\/hr.clinic\/himg\/wp-json\/wp\/v2\/pages\/2\/revisions\/145"}],"wp:attachment":[{"href":"https:\/\/hr.clinic\/himg\/wp-json\/wp\/v2\/media?parent=2"}],"curies":[{"name":"wp","href":"https:\/\/api.w.org\/{rel}","templated":true}]}}