{"id":149,"date":"2022-01-19T12:27:48","date_gmt":"2022-01-19T12:27:48","guid":{"rendered":"https:\/\/hr.clinic\/himg\/?page_id=149"},"modified":"2022-01-19T12:27:48","modified_gmt":"2022-01-19T12:27:48","slug":"pelda-fotok","status":"publish","type":"page","link":"https:\/\/hr.clinic\/himg\/pelda-fotok\/","title":{"rendered":"FOT\u00d3K FELT\u00d6LT\u00c9SE AJ\u00c1NLATK\u00c9R\u00c9SHEZ"},"content":{"rendered":"\n<p>Ahhoz, hogy a legmegfelel\u0151bb v\u00e1laszt adjuk, k\u00e9rj\u00fck, hogy t\u00f6bb sz\u00f6gb\u0151l k\u00e9sz\u00fclt f\u00e9nyk\u00e9peket k\u00fcldj\u00f6n nek\u00fcnk a k\u00f6vetkez\u0151 m\u00f3don:<\/p>\n\n\n\n<div style=\"height:47px\" aria-hidden=\"true\" class=\"wp-block-spacer\"><\/div>\n\n\n\n<div class=\"wp-block-columns is-layout-flex wp-container-core-columns-layout-1 wp-block-columns-is-layout-flex\">\n<div class=\"wp-block-column is-layout-flow wp-block-column-is-layout-flow\" style=\"flex-basis:33.33%\">\n<figure class=\"wp-block-image size-full\"><img loading=\"lazy\" decoding=\"async\" width=\"300\" height=\"300\" src=\"http:\/\/hr.clinic\/himg\/wp-content\/uploads\/2022\/01\/front-300x300-1.jpg\" alt=\"\" class=\"wp-image-152\" srcset=\"https:\/\/hr.clinic\/himg\/wp-content\/uploads\/2022\/01\/front-300x300-1.jpg 300w, https:\/\/hr.clinic\/himg\/wp-content\/uploads\/2022\/01\/front-300x300-1-150x150.jpg 150w\" sizes=\"(max-width: 300px) 100vw, 300px\" \/><\/figure>\n<\/div>\n\n\n\n<div class=\"wp-block-column is-layout-flow wp-block-column-is-layout-flow\" style=\"flex-basis:66.66%\">\n<h2 class=\"wp-block-heading\">El\u00fcls\u0151 fot\u00f3<\/h2>\n\n\n\n<p>Param\u00e9terek: A k\u00e9p m\u00e9rete maximum 1500 x 1500 pixel \u00e9s ne haladja meg a 2 megab\u00e1jtot.<\/p>\n<\/div>\n<\/div>\n\n\n\n<div class=\"wp-block-columns is-layout-flex wp-container-core-columns-layout-2 wp-block-columns-is-layout-flex\">\n<div class=\"wp-block-column is-layout-flow wp-block-column-is-layout-flow\" style=\"flex-basis:33.33%\">\n<figure class=\"wp-block-image size-full\"><img loading=\"lazy\" decoding=\"async\" width=\"300\" height=\"300\" src=\"http:\/\/hr.clinic\/himg\/wp-content\/uploads\/2022\/01\/front-top-1-300x300-1.jpg\" alt=\"\" class=\"wp-image-151\" srcset=\"https:\/\/hr.clinic\/himg\/wp-content\/uploads\/2022\/01\/front-top-1-300x300-1.jpg 300w, https:\/\/hr.clinic\/himg\/wp-content\/uploads\/2022\/01\/front-top-1-300x300-1-150x150.jpg 150w\" sizes=\"(max-width: 300px) 100vw, 300px\" \/><\/figure>\n<\/div>\n\n\n\n<div class=\"wp-block-column is-layout-flow wp-block-column-is-layout-flow\" style=\"flex-basis:66.66%\">\n<h2 class=\"wp-block-heading\">El\u00fcls\u0151 \u2013 fels\u0151 fot\u00f3<\/h2>\n\n\n\n<p>Param\u00e9terek: A k\u00e9p m\u00e9rete maximum 1500 x 1500 pixel \u00e9s ne haladja meg a 2 megab\u00e1jtot.<\/p>\n<\/div>\n<\/div>\n\n\n\n<div class=\"wp-block-columns is-layout-flex wp-container-core-columns-layout-3 wp-block-columns-is-layout-flex\">\n<div class=\"wp-block-column is-layout-flow wp-block-column-is-layout-flow\" style=\"flex-basis:33.33%\">\n<figure class=\"wp-block-image size-full\"><img loading=\"lazy\" decoding=\"async\" width=\"300\" height=\"300\" src=\"http:\/\/hr.clinic\/himg\/wp-content\/uploads\/2022\/01\/left-side-1-300x300-1.jpg\" alt=\"\" class=\"wp-image-150\" srcset=\"https:\/\/hr.clinic\/himg\/wp-content\/uploads\/2022\/01\/left-side-1-300x300-1.jpg 300w, https:\/\/hr.clinic\/himg\/wp-content\/uploads\/2022\/01\/left-side-1-300x300-1-150x150.jpg 150w\" sizes=\"(max-width: 300px) 100vw, 300px\" \/><\/figure>\n<\/div>\n\n\n\n<div class=\"wp-block-column is-layout-flow wp-block-column-is-layout-flow\" style=\"flex-basis:66.66%\">\n<h2 class=\"wp-block-heading\">Jobb oldalr\u00f3l fot\u00f3<\/h2>\n\n\n\n<p>Param\u00e9terek: A k\u00e9p m\u00e9rete maximum 1500 x 1500 pixel \u00e9s ne haladja meg a 2 megab\u00e1jtot.<\/p>\n<\/div>\n<\/div>\n\n\n\n<div class=\"wp-block-columns is-layout-flex wp-container-core-columns-layout-4 wp-block-columns-is-layout-flex\">\n<div class=\"wp-block-column is-layout-flow wp-block-column-is-layout-flow\" style=\"flex-basis:33.33%\">\n<figure class=\"wp-block-image size-full\"><img loading=\"lazy\" decoding=\"async\" width=\"300\" height=\"300\" src=\"http:\/\/hr.clinic\/himg\/wp-content\/uploads\/2022\/01\/right-side-1-300x300-1.jpg\" alt=\"\" class=\"wp-image-155\" srcset=\"https:\/\/hr.clinic\/himg\/wp-content\/uploads\/2022\/01\/right-side-1-300x300-1.jpg 300w, https:\/\/hr.clinic\/himg\/wp-content\/uploads\/2022\/01\/right-side-1-300x300-1-150x150.jpg 150w\" sizes=\"(max-width: 300px) 100vw, 300px\" \/><\/figure>\n<\/div>\n\n\n\n<div class=\"wp-block-column is-layout-flow wp-block-column-is-layout-flow\" style=\"flex-basis:66.66%\">\n<h2 class=\"wp-block-heading\">Bal oldalr\u00f3l fot\u00f3<\/h2>\n\n\n\n<p>Param\u00e9terek: A k\u00e9p m\u00e9rete maximum 1500 x 1500 pixel \u00e9s ne haladja meg a 2 megab\u00e1jtot.<\/p>\n<\/div>\n<\/div>\n\n\n\n<div class=\"wp-block-columns is-layout-flex wp-container-core-columns-layout-5 wp-block-columns-is-layout-flex\">\n<div class=\"wp-block-column is-layout-flow wp-block-column-is-layout-flow\" style=\"flex-basis:33.33%\">\n<figure class=\"wp-block-image size-full\"><img loading=\"lazy\" decoding=\"async\" width=\"300\" height=\"300\" src=\"http:\/\/hr.clinic\/himg\/wp-content\/uploads\/2022\/01\/top-1-300x300-1.jpg\" alt=\"\" class=\"wp-image-154\" srcset=\"https:\/\/hr.clinic\/himg\/wp-content\/uploads\/2022\/01\/top-1-300x300-1.jpg 300w, https:\/\/hr.clinic\/himg\/wp-content\/uploads\/2022\/01\/top-1-300x300-1-150x150.jpg 150w\" sizes=\"(max-width: 300px) 100vw, 300px\" \/><\/figure>\n<\/div>\n\n\n\n<div class=\"wp-block-column is-layout-flow wp-block-column-is-layout-flow\" style=\"flex-basis:66.66%\">\n<h2 class=\"wp-block-heading\">Fejtet\u0151r\u0151l k\u00e9sz\u00fclt fot\u00f3<\/h2>\n\n\n\n<p>Param\u00e9terek: A k\u00e9p m\u00e9rete maximum 1500 x 1500 pixel \u00e9s ne haladja meg a 2 megab\u00e1jtot.<\/p>\n<\/div>\n<\/div>\n\n\n\n<div class=\"wp-block-columns is-layout-flex wp-container-core-columns-layout-6 wp-block-columns-is-layout-flex\">\n<div class=\"wp-block-column is-layout-flow wp-block-column-is-layout-flow\" style=\"flex-basis:33.33%\">\n<figure class=\"wp-block-image size-full\"><img loading=\"lazy\" decoding=\"async\" width=\"300\" height=\"300\" src=\"http:\/\/hr.clinic\/himg\/wp-content\/uploads\/2022\/01\/back-1-300x300-1.jpg\" alt=\"\" class=\"wp-image-153\" srcset=\"https:\/\/hr.clinic\/himg\/wp-content\/uploads\/2022\/01\/back-1-300x300-1.jpg 300w, https:\/\/hr.clinic\/himg\/wp-content\/uploads\/2022\/01\/back-1-300x300-1-150x150.jpg 150w\" sizes=\"(max-width: 300px) 100vw, 300px\" \/><\/figure>\n<\/div>\n\n\n\n<div class=\"wp-block-column is-layout-flow wp-block-column-is-layout-flow\" style=\"flex-basis:66.66%\">\n<h2 class=\"wp-block-heading\">Fej h\u00e1ts\u00f3 r\u00e9sz\u00e9r\u0151l k\u00e9sz\u00fclt fot\u00f3<\/h2>\n\n\n\n<p>Param\u00e9terek: A k\u00e9p m\u00e9rete maximum 1500 x 1500 pixel \u00e9s ne haladja meg a 2 megab\u00e1jtot.<\/p>\n<\/div>\n<\/div>\n\n\n\n<p>K\u00e9rj\u00fck, \u00edrja meg, hogy mely ter\u00fcleten szeretn\u00e9 a be\u00fcltet\u00e9st.<br>Ha megkaptuk a k\u00e9peket, akkor \u00e1raj\u00e1nlatot is tudunk k\u00fcldeni.<\/p>\n","protected":false},"excerpt":{"rendered":"<p>Ahhoz, hogy a legmegfelel\u0151bb v\u00e1laszt adjuk, k\u00e9rj\u00fck, hogy t\u00f6bb sz\u00f6gb\u0151l k\u00e9sz\u00fclt f\u00e9nyk\u00e9peket k\u00fcldj\u00f6n nek\u00fcnk a k\u00f6vetkez\u0151 m\u00f3don: El\u00fcls\u0151 fot\u00f3 Param\u00e9terek: A k\u00e9p m\u00e9rete maximum 1500 x 1500 pixel \u00e9s ne haladja meg a 2 megab\u00e1jtot. El\u00fcls\u0151 \u2013 fels\u0151 fot\u00f3 Param\u00e9terek: A k\u00e9p m\u00e9rete maximum 1500 x 1500 pixel \u00e9s ne haladja meg a 2 megab\u00e1jtot. &#8230; <a title=\"FOT\u00d3K FELT\u00d6LT\u00c9SE AJ\u00c1NLATK\u00c9R\u00c9SHEZ\" class=\"read-more\" href=\"https:\/\/hr.clinic\/himg\/pelda-fotok\/\" aria-label=\"Tov\u00e1bbiak FOT\u00d3K FELT\u00d6LT\u00c9SE AJ\u00c1NLATK\u00c9R\u00c9SHEZ\">Olvass tov\u00e1bb<\/a><\/p>\n","protected":false},"author":1,"featured_media":0,"parent":0,"menu_order":0,"comment_status":"closed","ping_status":"closed","template":"","meta":{"footnotes":""},"_links":{"self":[{"href":"https:\/\/hr.clinic\/himg\/wp-json\/wp\/v2\/pages\/149"}],"collection":[{"href":"https:\/\/hr.clinic\/himg\/wp-json\/wp\/v2\/pages"}],"about":[{"href":"https:\/\/hr.clinic\/himg\/wp-json\/wp\/v2\/types\/page"}],"author":[{"embeddable":true,"href":"https:\/\/hr.clinic\/himg\/wp-json\/wp\/v2\/users\/1"}],"replies":[{"embeddable":true,"href":"https:\/\/hr.clinic\/himg\/wp-json\/wp\/v2\/comments?post=149"}],"version-history":[{"count":6,"href":"https:\/\/hr.clinic\/himg\/wp-json\/wp\/v2\/pages\/149\/revisions"}],"predecessor-version":[{"id":161,"href":"https:\/\/hr.clinic\/himg\/wp-json\/wp\/v2\/pages\/149\/revisions\/161"}],"wp:attachment":[{"href":"https:\/\/hr.clinic\/himg\/wp-json\/wp\/v2\/media?parent=149"}],"curies":[{"name":"wp","href":"https:\/\/api.w.org\/{rel}","templated":true}]}}